{"id":70,"date":"2019-06-17T18:26:32","date_gmt":"2019-06-17T18:26:32","guid":{"rendered":"http:\/\/medsoft.com.br\/wordpress\/?page_id=70"},"modified":"2025-12-02T18:56:29","modified_gmt":"2025-12-02T18:56:29","slug":"clientes","status":"publish","type":"page","link":"http:\/\/medsoft.com.br\/?page_id=70","title":{"rendered":"Clientes"},"content":{"rendered":"\n<p>Conhe\u00e7a nosso clientes<\/p>\n\n\n\n<figure class=\"wp-block-table\"><table><tbody><tr><td class=\"has-text-align-center\" data-align=\"center\"><strong>Profissional de Sa\u00fade<\/strong><\/td><td><strong>Informa\u00e7\u00f5es<\/strong><\/td><td><strong>Local<\/strong><\/td><\/tr><tr><td class=\"has-text-align-center\" data-align=\"center\"><strong>Dr. Edson Santos<\/strong><br><br><strong>M\u00e9dico<\/strong><br><br><img loading=\"lazy\" decoding=\"async\" width=\"150\" height=\"154\" class=\"wp-image-397\" style=\"width: 150px;\" src=\"http:\/\/medsoft.com.br\/wp-content\/uploads\/2025\/10\/Pessoa.jpg\" alt=\"\"><\/td><td><br><strong>Especialidade<\/strong>: Ortopedista<br><br><strong>Conv\u00eanios<\/strong>: Unimed , Particular<br><strong>Dias<\/strong>: <br>Seg ( ) ,Ter ( ), Qua ( ), Qui ( ), Sex ( ), Sab ( )<br><strong>Atendimento:<\/strong><br>09 \u00e0s 18 hr<br><br><strong>Telefone<\/strong> : <br><\/td><td> RJ<br>Niter\u00f3i <br>Piratininga<br><br><\/td><\/tr><tr><td class=\"has-text-align-center\" data-align=\"center\"><strong>Dr. Gustavo Braga<\/strong><br><br><strong>M\u00e9dico<\/strong><br><br><img loading=\"lazy\" decoding=\"async\" width=\"150\" height=\"154\" class=\"wp-image-397\" style=\"width: 150px;\" src=\"http:\/\/medsoft.com.br\/wp-content\/uploads\/2025\/10\/Pessoa.jpg\" alt=\"\"><\/td><td><strong>Especialidade<\/strong>: Ortopedista, traumatologia e reumatologia<br><strong>Conv\u00eanios<\/strong>: Amil, assim, appai, Club Med, Sa\u00fade Caixa<br><strong>Atendimento<\/strong>: <br>Seg (X) ,Ter (X), Qua (X), Qui (X),<br> Sex (X )<br><strong>Hor\u00e1rios:<\/strong><br>09 \u00e0s 17 hr<br><br><strong><strong>Telefone<\/strong><\/strong> : (21) 97609-2720<br><\/td><td>Rua coronel Rodrigues 422, sala 1105\/1106, Centro,<br> S\u00e3o Gon\u00e7alo, RJ<\/td><\/tr><tr><td class=\"has-text-align-center\" data-align=\"center\"><strong>Dra Maria da Concei\u00e7\u00e3o<\/strong><br><br><strong>M\u00e9dica<\/strong><br><br><img loading=\"lazy\" decoding=\"async\" width=\"100\" height=\"131\" class=\"wp-image-318\" style=\"width: 100px;\" src=\"http:\/\/medsoft.com.br\/wp-content\/uploads\/2025\/10\/DraConceica.jpg\" alt=\"\"><\/td><td><br><strong>Especialidade<\/strong>: Homeopatia<br><strong>Conv\u00eanios<\/strong>: Amil, Cassi -Mediservice &#8211; Petrobras Ams- Bradesco -Porto Seguro<br><strong>Atendimento<\/strong>: <br>Seg (X) ,Ter (X), Qua ( ), Qui ( ), Sex (X), Sab ( )<br><strong>Hor\u00e1rios:<\/strong><br>08 \u00e0s 11:30 hr<br><br><strong><strong>Telefone<\/strong><\/strong> :  (21) 2234-7704<br><\/td><td>Rua  Conde de Bonfim 211 sala 913, Tijuca, <br>Rio de Janeiro, RJ <br><\/td><\/tr><tr><td class=\"has-text-align-center\" data-align=\"center\"><strong>Dra Tania Donat<\/strong><br><br><strong>M\u00e9dica<\/strong><br><img loading=\"lazy\" decoding=\"async\" width=\"120\" height=\"126\" class=\"wp-image-319\" style=\"width: 120px;\" src=\"http:\/\/medsoft.com.br\/wp-content\/uploads\/2025\/10\/DraTaniaDonat.jpg\" alt=\"\"><\/td><td><br><strong>Especialidade<\/strong>: Endocrinologia- Metabologia , Homeopatia<br><strong>Conv\u00eanios<\/strong>: Amil, Cassi, Real Grandeza, Aposentados da Petrobras, Particular<br><strong>Atendimento<\/strong>: <br>Seg ( ) ,Ter (X), Qua (X), Qui (X), Sex ( ), Sab ( )<br><strong>Hor\u00e1rios:<\/strong><br>ter\u00e7as (12 \u00e0s 18:30 h) quartas (10:30 \u00e0s 18:30 h) e quintas feiras (12 \u00e0s 18:30 h)<br><br><strong><strong>Telefone<\/strong><\/strong>: (21) 2527-2993 <br><\/td><td><br>Rua Voluntarios da P\u00e1tria 450 sala 604 Botafogo.<br>Rio de Janeiro, RJ<\/td><\/tr><tr><td class=\"has-text-align-center\" data-align=\"center\"><strong>Dr Jonny Jabour<\/strong><br><br><strong>M\u00e9dico<\/strong><br><br><img loading=\"lazy\" decoding=\"async\" width=\"150\" height=\"154\" class=\"wp-image-397\" style=\"width: 150px;\" src=\"http:\/\/medsoft.com.br\/wp-content\/uploads\/2025\/10\/Pessoa.jpg\" alt=\"\"><\/td><td><br><strong>Especialidade<\/strong>: Otorrinologia<br><strong>Conv\u00eanios<\/strong>: Particular<br><strong>Atendimento<\/strong>: <br>Seg ( ) ,Ter ( ), Qua ( ), Qui ( ), Sex ( ), Sab ( )<br><strong>Hor\u00e1rios:<\/strong><br>09 \u00e0s 18 hr<br><br><strong><strong>Telefone<\/strong><\/strong> : <br><\/td><td>RJ <br>Rio de Janeiro <br> Tijuca<\/td><\/tr><tr><td class=\"has-text-align-center\" data-align=\"center\"><strong>Dr Carlos Rodrigues Broadsky<\/strong> <br><br><strong>M\u00e9dico<\/strong><br><br><img loading=\"lazy\" decoding=\"async\" width=\"150\" height=\"138\" class=\"wp-image-311\" style=\"width: 150px;\" src=\"http:\/\/medsoft.com.br\/wp-content\/uploads\/2025\/10\/CarlosB.jpg\" alt=\"\"><br><\/td><td><br><strong>Especialidade<\/strong>: Neurologia<br><strong>Conv\u00eanios<\/strong>: Particular<br><strong>Atendimento<\/strong>: <br>Seg (X) ,Ter (X), Qua (X), Qui (X), Sex ( )<br><strong>Hor\u00e1rios:<\/strong><br>Ter &#8211; 14 \u00e0s 17 hr ( Niter\u00f3i ), <br>2as.,4as. e 5as.feiras das 13:30 h \u00e0s 17 horas e \u00e0s 6as.feiras das 08:30 \u00e0s 11 horas (SG)<br><br><strong><strong>Telefone<\/strong><\/strong> : (21)99678-3120 e (21)2719-7799 (Niter\u00f3i) , (21)96770-2688 e (21)2605-3476 (S\u00e3o  Gon\u00e7alo )<br><\/td><td><br><br><br>Rua Salvatori, 40 , Sala 703<br>, Centro, S\u00e3o Gon\u00e7alo , RJ<br><br><br>Rua Ator Paulo Gustavo, 26 , Sala 903, Icara\u00ed , Niter\u00f3i, RJ<br><br><\/td><\/tr><tr><td class=\"has-text-align-center\" data-align=\"center\"><strong> Dra Ieda Lucia Gomes da Fonseca<\/strong><br><br><strong>M\u00e9dica<\/strong><br><br><br><img loading=\"lazy\" decoding=\"async\" width=\"150\" height=\"159\" class=\"wp-image-313\" style=\"width: 150px;\" src=\"http:\/\/medsoft.com.br\/wp-content\/uploads\/2025\/10\/DriaIeda.jpg\" alt=\"\"><br><br><br><\/td><td><br><strong>Especialidade<\/strong>: Ginecologia\/ Cosmetoginecologia-Laser \u00cdntimo<br><strong>Conv\u00eanios<\/strong>: Unimed , Particular<br><strong>Atendimento<\/strong>: <br>Seg (X) ,Ter ( ), Qua (X), Qui ( ), Sex ( ), Sab ( )<br><strong>Hor\u00e1rios:<\/strong><br>14 \u00e0s 18 hr<br><br><strong><strong>Telefone<\/strong><\/strong> : (21)2719-7799, (21)99678-3120<br><\/td><td>Rua Ator Paulo Gustavo, 26 , Sala 903, Icara\u00ed , Niter\u00f3i, RJ<\/td><\/tr><\/tbody><\/table><\/figure>\n\n\n\n<div class=\"wp-block-columns is-layout-flex wp-container-core-columns-is-layout-9d6595d7 wp-block-columns-is-layout-flex\">\n<div class=\"wp-block-column is-layout-flow wp-block-column-is-layout-flow\" style=\"flex-basis:100%\">\n<p><strong>Solicite uma consulta<\/strong><\/p>\n\n\n\n<div class=\"wp-block-amelia-step-booking-gutenberg-block\">[ameliastepbooking layout=1]<\/div>\n\n\n\n<p><br><a href=\"https:\/\/medsoft.com.br\/?page_id=30\"><img loading=\"lazy\" decoding=\"async\" width=\"150\" height=\"46\" class=\"wp-image-312\" style=\"width: 150px;\" src=\"http:\/\/medsoft.com.br\/wp-content\/uploads\/2025\/10\/AgendaOnline.jpg\" alt=\"\" srcset=\"http:\/\/medsoft.com.br\/wp-content\/uploads\/2025\/10\/AgendaOnline.jpg 289w, http:\/\/medsoft.com.br\/wp-content\/uploads\/2025\/10\/AgendaOnline-285x89.jpg 285w\" sizes=\"auto, (max-width: 150px) 100vw, 150px\" \/><\/a><\/p>\n\n\n\n<p><strong>Encontre seu profissional de Sa\u00fade<\/strong><\/p>\n\n\n\n<p><a href=\"https:\/\/medsoft.com.br\/?page_id=293\">https:\/\/medsoft.com.br\/?page_id=293<\/a><\/p>\n\n\n<\/div>\n<\/div>\n\n\n\n<p><\/p>\n","protected":false},"excerpt":{"rendered":"<p>Conhe\u00e7a nosso clientes Profissional de Sa\u00fade Informa\u00e7\u00f5es Local Dr. Edson Santos M\u00e9dico Especialidade: Ortopedista Conv\u00eanios: Unimed , ParticularDias: Seg ( ) ,Ter ( ), Qua ( ), Qui ( ), Sex ( ), Sab ( )Atendimento:09 \u00e0s 18 hr Telefone : RJNiter\u00f3i Piratininga Dr. Gustavo Braga M\u00e9dico Especialidade: Ortopedista, traumatologia e reumatologiaConv\u00eanios: Amil, assim, appai, [&hellip;]<\/p>\n","protected":false},"author":1,"featured_media":0,"parent":0,"menu_order":0,"comment_status":"closed","ping_status":"closed","template":"","meta":{"footnotes":""},"class_list":["post-70","page","type-page","status-publish","hentry"],"_links":{"self":[{"href":"http:\/\/medsoft.com.br\/index.php?rest_route=\/wp\/v2\/pages\/70","targetHints":{"allow":["GET"]}}],"collection":[{"href":"http:\/\/medsoft.com.br\/index.php?rest_route=\/wp\/v2\/pages"}],"about":[{"href":"http:\/\/medsoft.com.br\/index.php?rest_route=\/wp\/v2\/types\/page"}],"author":[{"embeddable":true,"href":"http:\/\/medsoft.com.br\/index.php?rest_route=\/wp\/v2\/users\/1"}],"replies":[{"embeddable":true,"href":"http:\/\/medsoft.com.br\/index.php?rest_route=%2Fwp%2Fv2%2Fcomments&post=70"}],"version-history":[{"count":105,"href":"http:\/\/medsoft.com.br\/index.php?rest_route=\/wp\/v2\/pages\/70\/revisions"}],"predecessor-version":[{"id":787,"href":"http:\/\/medsoft.com.br\/index.php?rest_route=\/wp\/v2\/pages\/70\/revisions\/787"}],"wp:attachment":[{"href":"http:\/\/medsoft.com.br\/index.php?rest_route=%2Fwp%2Fv2%2Fmedia&parent=70"}],"curies":[{"name":"wp","href":"https:\/\/api.w.org\/{rel}","templated":true}]}}